{"id":5233,"date":"2023-08-23T10:53:39","date_gmt":"2023-08-23T09:53:39","guid":{"rendered":"https:\/\/yatirim.uk\/?page_id=5233"},"modified":"2023-08-23T11:50:00","modified_gmt":"2023-08-23T10:50:00","slug":"request-form","status":"publish","type":"page","link":"https:\/\/yatirim.uk\/en\/iletisim\/talep-formu\/","title":{"rendered":"Request Form"},"content":{"rendered":"<style id=\"wpforms-css-vars-5211\">\n\t\t\t\t#wpforms-5211 {\n\t\t\t\t--wpforms-container-padding: 0px;\n--wpforms-container-border-width: 1px;\n--wpforms-container-border-radius: 3px;\n--wpforms-background-color: rgba(0, 0, 0, 0);\n--wpforms-field-size-input-height: 43px;\n--wpforms-field-size-input-spacing: 15px;\n--wpforms-field-size-font-size: 16px;\n--wpforms-field-size-line-height: 19px;\n--wpforms-field-size-padding-h: 14px;\n--wpforms-field-size-checkbox-size: 16px;\n--wpforms-field-size-sublabel-spacing: 5px;\n--wpforms-field-size-icon-size: 1;\n--wpforms-label-size-font-size: 16px;\n--wpforms-label-size-line-height: 19px;\n--wpforms-label-size-sublabel-font-size: 14px;\n--wpforms-label-size-sublabel-line-height: 17px;\n--wpforms-button-size-font-size: 17px;\n--wpforms-button-size-height: 41px;\n--wpforms-button-size-padding-h: 15px;\n--wpforms-button-size-margin-top: 10px;\n--wpforms-container-shadow-size-box-shadow: none;\n\t\t\t}\n\t\t\t<\/style><div class=\"wpforms-container wpforms-container-full wpforms-render-modern\" id=\"wpforms-5211\"><form id=\"wpforms-form-5211\" class=\"wpforms-validate wpforms-form wpforms-ajax-form\" data-formid=\"5211\" method=\"post\" enctype=\"multipart\/form-data\" action=\"\/en\/wp-json\/wp\/v2\/pages\/5233\" data-token=\"02c37e74061d5744b07de9e53a3952c0\" data-token-time=\"1775756892\"><noscript class=\"wpforms-error-noscript\">Please enable JavaScript in your browser to complete this form.<\/noscript><div id=\"wpforms-error-noscript\" style=\"display: none;\">Please enable JavaScript in your browser to complete this form.<\/div><div class=\"wpforms-field-container\"><div id=\"wpforms-5211-field_12-container\" class=\"wpforms-field wpforms-field-select wpforms-field-select-style-classic\" data-field-id=\"12\"><label class=\"wpforms-field-label\" for=\"wpforms-5211-field_12\">Bize nereden ula\u015ft\u0131n\u0131z? <span class=\"wpforms-required-label\" aria-hidden=\"true\">*<\/span><\/label><select id=\"wpforms-5211-field_12\" class=\"wpforms-field-medium wpforms-field-required\" name=\"wpforms[fields][12]\" required=\"required\"><option value=\"\" class=\"placeholder\" disabled  selected='selected'>L\u00fctfen se\u00e7im yap\u0131n\u0131z<\/option><option value=\"Tavsiye\"  class=\"choice-2 depth-1\"  >Tavsiye<\/option><option value=\"Google arama sonucu\"  class=\"choice-3 depth-1\"  >Google arama sonucu<\/option><option value=\"Internet Reklam\u0131 (Instagram, Facebook, Google, vb)\"  class=\"choice-1 depth-1\"  >Internet Reklam\u0131 (Instagram, Facebook, Google, vb)<\/option><\/select><\/div><div id=\"wpforms-5211-field_1-container\" class=\"wpforms-field wpforms-field-name\" data-field-id=\"1\"><fieldset><legend class=\"wpforms-field-label\">Ad Soyad <span class=\"wpforms-required-label\" aria-hidden=\"true\">*<\/span><\/legend><div class=\"wpforms-field-row wpforms-field-medium\"><div class=\"wpforms-field-row-block wpforms-first wpforms-one-half\"><input type=\"text\" id=\"wpforms-5211-field_1\" class=\"wpforms-field-name-first wpforms-field-required\" name=\"wpforms[fields][1][first]\" placeholder=\"Ad\u0131n\u0131z\" aria-errormessage=\"wpforms-5211-field_1-error\" required><label for=\"wpforms-5211-field_1\" class=\"wpforms-field-sublabel after wpforms-sublabel-hide\">First<\/label><\/div><div class=\"wpforms-field-row-block wpforms-one-half\"><input type=\"text\" id=\"wpforms-5211-field_1-last\" class=\"wpforms-field-name-last wpforms-field-required\" name=\"wpforms[fields][1][last]\" placeholder=\"Soyad\u0131n\u0131z\" aria-errormessage=\"wpforms-5211-field_1-last-error\" required><label for=\"wpforms-5211-field_1-last\" class=\"wpforms-field-sublabel after wpforms-sublabel-hide\">Last<\/label><\/div><\/div><\/fieldset><\/div><div id=\"wpforms-5211-field_3-container\" class=\"wpforms-field wpforms-field-number\" data-field-id=\"3\"><label class=\"wpforms-field-label\" for=\"wpforms-5211-field_3\">Telefon <span class=\"wpforms-required-label\" aria-hidden=\"true\">*<\/span><\/label><input type=\"number\" id=\"wpforms-5211-field_3\" class=\"wpforms-field-medium wpforms-field-required\" name=\"wpforms[fields][3]\" placeholder=\"L\u00fctfen cep telefonunuzu yaz\u0131n\u0131z\" step=\"any\" aria-errormessage=\"wpforms-5211-field_3-error\" required><\/div><div id=\"wpforms-5211-field_6-container\" class=\"wpforms-field wpforms-field-email\" data-field-id=\"6\"><label class=\"wpforms-field-label\" for=\"wpforms-5211-field_6\">Email <span class=\"wpforms-required-label\" aria-hidden=\"true\">*<\/span><\/label><input type=\"email\" id=\"wpforms-5211-field_6\" class=\"wpforms-field-medium wpforms-field-required\" name=\"wpforms[fields][6]\" placeholder=\"L\u00fctfen ki\u015fisel email adresinizi yaz\u0131n\u0131z\" spellcheck=\"false\" aria-errormessage=\"wpforms-5211-field_6-error\" required><\/div><div id=\"wpforms-5211-field_2-container\" class=\"wpforms-field wpforms-field-select wpforms-field-select-style-classic\" data-field-id=\"2\"><label class=\"wpforms-field-label\" for=\"wpforms-5211-field_2\">Talebiniz <span class=\"wpforms-required-label\" aria-hidden=\"true\">*<\/span><\/label><select id=\"wpforms-5211-field_2\" class=\"wpforms-field-medium wpforms-field-required\" name=\"wpforms[fields][2]\" required=\"required\"><option value=\"\" class=\"placeholder\" disabled  selected='selected'>Se\u00e7iniz<\/option><option value=\"Sat\u0131n Almak \u0130stiyorum\"  class=\"choice-1 depth-1\"  >Sat\u0131n Almak \u0130stiyorum<\/option><option value=\"Kiralamak \u0130stiyorum\"  class=\"choice-2 depth-1\"  >Kiralamak \u0130stiyorum<\/option><option value=\"Evimi Satmak \u0130stiyorum\"  class=\"choice-3 depth-1\"  >Evimi Satmak \u0130stiyorum<\/option><\/select><\/div><div id=\"wpforms-5211-field_7-container\" class=\"wpforms-field wpforms-field-textarea\" data-field-id=\"7\"><label class=\"wpforms-field-label\" for=\"wpforms-5211-field_7\">Talep Detay <span class=\"wpforms-required-label\" aria-hidden=\"true\">*<\/span><\/label><textarea id=\"wpforms-5211-field_7\" class=\"wpforms-field-medium wpforms-field-required\" name=\"wpforms[fields][7]\" placeholder=\"L\u00fctfen talebiniz ile ilgili detaylar\u0131 bu k\u0131sma giriniz. Kiralamak veya sat\u0131n almak istedi\u011finiz yer ile ilgili detaylar size yard\u0131mc\u0131 olabilmemiz i\u00e7in \u00e7ok \u00f6nemlidir. H\u0131zl\u0131 aksiyon alabilmek ad\u0131na oda say\u0131s\u0131, lokasyon ve\/veya belirli bir kuruma olan yak\u0131nl\u0131k gibi kriterleri belirtmenizde fayda var. Mutlaka olmal\u0131 veya kesinlikle olmamal\u0131 dedi\u011finiz kriterler de bizlere hayli zaman kazand\u0131racakt\u0131r.\" aria-errormessage=\"wpforms-5211-field_7-error\" required><\/textarea><\/div><div id=\"wpforms-5211-field_11-container\" class=\"wpforms-field wpforms-field-checkbox\" data-field-id=\"11\"><fieldset><legend class=\"wpforms-field-label wpforms-label-hide\" aria-hidden=\"false\">Onay <span class=\"wpforms-required-label\" aria-hidden=\"true\">*<\/span><\/legend><ul id=\"wpforms-5211-field_11\" class=\"wpforms-field-required\"><li class=\"choice-1 depth-1\"><input type=\"checkbox\" id=\"wpforms-5211-field_11_1\" name=\"wpforms[fields][11][]\" value=\"capital.works\u00ae resmi hesaplar\u0131ndan taraf\u0131ma bilgilendirme ama\u00e7l\u0131 iletiler g\u00f6nderilmesini onayl\u0131yorum.\" aria-errormessage=\"wpforms-5211-field_11_1-error\" aria-describedby=\"wpforms-5211-field_11-description\" required ><label class=\"wpforms-field-label-inline\" for=\"wpforms-5211-field_11_1\">capital.works\u00ae resmi hesaplar\u0131ndan taraf\u0131ma bilgilendirme ama\u00e7l\u0131 iletiler g\u00f6nderilmesini onayl\u0131yorum.<\/label><\/li><\/ul><div id=\"wpforms-5211-field_11-description\" class=\"wpforms-field-description\">capital.works\u00ae GDPR kapsam\u0131nda ki\u015fisel verilerinizi korumak i\u00e7in azami \u00e7abay\u0131 g\u00f6sterece\u011fini taahh\u00fct eder.<\/div><\/fieldset><\/div><\/div><!-- .wpforms-field-container --><div class=\"wpforms-submit-container\" ><input type=\"hidden\" name=\"wpforms[id]\" value=\"5211\"><input type=\"hidden\" name=\"page_title\" value=\"\"><input type=\"hidden\" name=\"page_url\" value=\"https:\/\/yatirim.uk\/en\/wp-json\/wp\/v2\/pages\/5233\"><input type=\"hidden\" name=\"url_referer\" value=\"\"><button type=\"submit\" name=\"wpforms[submit]\" id=\"wpforms-submit-5211\" class=\"wpforms-submit\" data-alt-text=\"G\u00f6nderiyor\" data-submit-text=\"G\u00f6nder\" aria-live=\"assertive\" value=\"wpforms-submit\">G\u00f6nder<\/button><img loading=\"lazy\" decoding=\"async\" src=\"https:\/\/yatirim.uk\/wp-content\/plugins\/wpforms-lite\/assets\/images\/submit-spin.svg\" class=\"wpforms-submit-spinner\" style=\"display: none;\" width=\"26\" height=\"26\" alt=\"Loading\"><\/div><\/form><\/div>  <!-- .wpforms-container -->\n","protected":false},"excerpt":{"rendered":"","protected":false},"author":1,"featured_media":5246,"parent":1100,"menu_order":0,"comment_status":"closed","ping_status":"closed","template":"","meta":{"content-type":"","om_disable_all_campaigns":false,"_monsterinsights_skip_tracking":false,"_monsterinsights_sitenote_active":false,"_monsterinsights_sitenote_note":"","_monsterinsights_sitenote_category":0,"_uf_show_specific_survey":0,"_uf_disable_surveys":false,"footnotes":""},"class_list":["post-5233","page","type-page","status-publish","has-post-thumbnail","hentry"],"aioseo_notices":[],"_links":{"self":[{"href":"https:\/\/yatirim.uk\/en\/wp-json\/wp\/v2\/pages\/5233","targetHints":{"allow":["GET"]}}],"collection":[{"href":"https:\/\/yatirim.uk\/en\/wp-json\/wp\/v2\/pages"}],"about":[{"href":"https:\/\/yatirim.uk\/en\/wp-json\/wp\/v2\/types\/page"}],"author":[{"embeddable":true,"href":"https:\/\/yatirim.uk\/en\/wp-json\/wp\/v2\/users\/1"}],"replies":[{"embeddable":true,"href":"https:\/\/yatirim.uk\/en\/wp-json\/wp\/v2\/comments?post=5233"}],"version-history":[{"count":2,"href":"https:\/\/yatirim.uk\/en\/wp-json\/wp\/v2\/pages\/5233\/revisions"}],"predecessor-version":[{"id":5237,"href":"https:\/\/yatirim.uk\/en\/wp-json\/wp\/v2\/pages\/5233\/revisions\/5237"}],"up":[{"embeddable":true,"href":"https:\/\/yatirim.uk\/en\/wp-json\/wp\/v2\/pages\/1100"}],"wp:featuredmedia":[{"embeddable":true,"href":"https:\/\/yatirim.uk\/en\/wp-json\/wp\/v2\/media\/5246"}],"wp:attachment":[{"href":"https:\/\/yatirim.uk\/en\/wp-json\/wp\/v2\/media?parent=5233"}],"curies":[{"name":"wp","href":"https:\/\/api.w.org\/{rel}","templated":true}]}}